{"id":101,"date":"2020-02-26T11:24:38","date_gmt":"2020-02-26T11:24:38","guid":{"rendered":"https:\/\/leanhotelsystem.fabioisar.com\/?page_id=101"},"modified":"2020-08-28T08:49:20","modified_gmt":"2020-08-28T08:49:20","slug":"pricing","status":"publish","type":"page","link":"https:\/\/leanhotelsystem.fabioisar.com\/fr\/pricing\/","title":{"rendered":"Tarifs"},"content":{"rendered":"<h2 class=\"main_claim brand_color wow fadeInUp wp-block-heading\">Personnalisez vos options selon vos besoins<\/h2>\n\n\n\n<h3 class=\"subtitle brand_color_secondary wow fadeInUp\" data-wow-delay=\".5s\">Une offre personnalis\u00e9e, claire et \u00e9volutive, c'est \u00e7a LEAN !<\/h3>\n\n\n\n<p class=\"info_paragraphs wow fadeIn\" data-wow-delay=\"1s\">Merci de compl\u00e9ter le formulaire ci-dessous afin que notre \u00e9quipe commerciale vous recontacte dans les meilleurs d\u00e9lais pour comprendre plus en d\u00e9tail vos besoins :<\/p>\n\n\n\n<ul class=\"main_list wow fadeIn\" data-wow-delay=\"1s\"><li>Licence logiciel<\/li><li>Utilisateurs illimit\u00e9s<\/li><li>Acc\u00e8s \u00e0 toutes les fonctionnalit\u00e9s<\/li><li>Mises \u00e0 jour incluses<\/li><li>Le meilleur serveur Cloud, s\u00e9curis\u00e9 et infaillible<\/li><li>Support 24\/7<\/li><\/ul>\n\n\n\n<div style=\"height:30px\" aria-hidden=\"true\" class=\"wp-block-spacer\"><\/div>\n\n\n\n<p><\/p>","protected":false},"excerpt":{"rendered":"<p>Custom your plan and your price Personalize your fee. Forever! Please, complete a quick form to request your personalize quotation adapted to your needs, our sales agents will get back to you with a quotation as soon as posible. License Fee Unlimited User Full functionalities access for all plans New versions updates included The best [&#8230;]<\/p>\n<p><a class=\"btn btn-secondary understrap-read-more-link\" href=\"https:\/\/leanhotelsystem.fabioisar.com\/fr\/pricing\/\">Lire la suite\u2026<span class=\"screen-reader-text\"> from Pricing<\/span><\/a><\/p>","protected":false},"author":1,"featured_media":0,"parent":0,"menu_order":0,"comment_status":"closed","ping_status":"closed","template":"page-templates\/pricing.php","meta":{"_acf_changed":false,"inline_featured_image":false,"footnotes":""},"acf":[],"_links":{"self":[{"href":"https:\/\/leanhotelsystem.fabioisar.com\/fr\/wp-json\/wp\/v2\/pages\/101"}],"collection":[{"href":"https:\/\/leanhotelsystem.fabioisar.com\/fr\/wp-json\/wp\/v2\/pages"}],"about":[{"href":"https:\/\/leanhotelsystem.fabioisar.com\/fr\/wp-json\/wp\/v2\/types\/page"}],"author":[{"embeddable":true,"href":"https:\/\/leanhotelsystem.fabioisar.com\/fr\/wp-json\/wp\/v2\/users\/1"}],"replies":[{"embeddable":true,"href":"https:\/\/leanhotelsystem.fabioisar.com\/fr\/wp-json\/wp\/v2\/comments?post=101"}],"version-history":[{"count":22,"href":"https:\/\/leanhotelsystem.fabioisar.com\/fr\/wp-json\/wp\/v2\/pages\/101\/revisions"}],"predecessor-version":[{"id":366,"href":"https:\/\/leanhotelsystem.fabioisar.com\/fr\/wp-json\/wp\/v2\/pages\/101\/revisions\/366"}],"wp:attachment":[{"href":"https:\/\/leanhotelsystem.fabioisar.com\/fr\/wp-json\/wp\/v2\/media?parent=101"}],"curies":[{"name":"wp","href":"https:\/\/api.w.org\/{rel}","templated":true}]}}